{"id":56,"date":"2023-06-22T12:33:35","date_gmt":"2023-06-22T12:33:35","guid":{"rendered":"https:\/\/diffability.eu\/?page_id=56"},"modified":"2026-04-06T19:45:04","modified_gmt":"2026-04-06T19:45:04","slug":"project-news","status":"publish","type":"page","link":"https:\/\/diffability.eu\/?page_id=56","title":{"rendered":"Project News"},"content":{"rendered":"<div class=\"brz-root__container brz-reset-all brz brz-root__container-page\">\n<section id=\"_emxzzdygqvtstulsklxwflwpejdbzbcxxobf\" class=\"brz-section brz-css-16nl78y brz-css-11fkwg3\">\n<div class=\"brz-section__content brz-section--boxed brz-css-1yivvlx brz-css-xnfu1\" data-brz-custom-id=\"cqphshtwmsunrwtxqjdstnaemuucmsladqld\">\n<div class=\"brz-bg\">\n<div class=\"brz-bg-image brz-bg-image-parallax\"><\/div>\n<div class=\"brz-bg-color\"><\/div>\n<\/div>\n<div class=\"brz-container brz-css-371at brz-css-apszfd\">\n<div id=\"\" class=\"brz-css-pjacui brz-css-1jok8it brz-wrapper\">\n<div class=\"brz-rich-text brz-rich-text__custom brz-css-n1vsc4\" data-brz-custom-id=\"bgnrakjxqhxjudnqxrudzevlqsooqkjzoaty\">\n<div data-brz-translate-text=\"1\">\n<p class=\"brz-text-lg-center brz-tp-lg-heading2 brz-css-swu5k\" data-uniq-id=\"dezsr\" data-generated-css=\"brz-css-aswss\"><span class=\"brz-cp-color8 brz-capitalize-on\">News<\/span><\/p>\n<\/div>\n<\/div>\n<\/div>\n<\/div>\n<\/div>\n<\/section>\n<section id=\"_ylzwjrgzcoarxppdmnwjcxxpmkubkteyxnto\" class=\"brz-section brz-css-16nl78y\">\n<div class=\"brz-section__content brz-section--boxed brz-css-1yivvlx brz-css-zyb53p\" data-brz-custom-id=\"olwftiyvkrcojeubhsvlpgbiahcniomwiqsb\">\n<div class=\"brz-container brz-css-371at\">\n<div class=\"brz-row__container brz-css-fa4o0m\" data-brz-custom-id=\"phqmxxdbxhuhjftkmrvmvqmuzqfylvlgkglb\">\n<div class=\"brz-bg\"><\/div>\n<div class=\"brz-row brz-css-haj65q brz-css-1dsplvw\">\n<div class=\"brz-columns brz-css-fdkx04 brz-css-1ylt10x\" data-brz-custom-id=\"pyuhlwyiqxjyvfxotomiwemgxeyuvoysghpl\">\n<div class=\"brz-bg\"><\/div>\n<div class=\"brz-column__items brz-css-1yrxam7 brz-css-um2ewg\">\n<div class=\"brz-row__container brz-css-fa4o0m\" data-brz-custom-id=\"neoibkoisvpbnoriransakwlxywmlxjtzlwa\">\n<div class=\"brz-bg\"><\/div>\n<div class=\"brz-row brz-row--inner brz-css-haj65q brz-css-1dsplvw\">\n<div class=\"brz-columns brz-css-fdkx04 brz-css-ia78ol\" data-brz-custom-id=\"nkgezxmkrkzxtpkpnnheyscjhtoxrfsllulk\">\n<div class=\"brz-bg\">\n<div class=\"brz-bg-image\"><\/div>\n<\/div>\n<div class=\"brz-column__items brz-css-1yrxam7 brz-css-1y7nqa9\">\n<div id=\"\" class=\"brz-css-pjacui brz-css-16gy50q brz-wrapper\">\n<div class=\"brz-spacer brz-css-16v3l2t brz-css-1iyz5n4\"><\/div>\n<\/div>\n<\/div>\n<\/div>\n<\/div>\n<\/div>\n<div id=\"\" class=\"brz-css-pjacui brz-css-16gy50q brz-wrapper\">\n<div class=\"brz-spacer brz-css-16v3l2t brz-css-1ix0dmi\"><\/div>\n<\/div>\n<div id=\"\" class=\"brz-css-pjacui brz-css-1avfej7 brz-wrapper\">\n<div class=\"brz-rich-text brz-rich-text__custom brz-css-n1vsc4\" data-brz-custom-id=\"odqiqdaekimkfovbarbgbetbfvoaugqhvzkn\">\n<div data-brz-translate-text=\"1\">\n<p class=\"brz-text-lg-center brz-tp-lg-heading4 brz-css-iQL8M\" data-uniq-id=\"ezvun\" data-generated-css=\"brz-css-hntin\">INTRODUCING THE DIFFABILITY PROJECT<\/p>\n<\/div>\n<\/div>\n<\/div>\n<\/div>\n<p><a class=\"brz-a brz-container-link\" href=\"https:\/\/otbeurope.com\/introducing-the-diffability-project\/\" target=\"_blank\" rel=\"noopener\" data-brz-link-type=\"external\"><\/a><\/div>\n<div class=\"brz-columns brz-css-fdkx04 brz-css-1d5qe4r\" data-brz-custom-id=\"wyswpmgecuclinrtpdzjpiokkzugrelunwas\">\n<div class=\"brz-bg\"><\/div>\n<div class=\"brz-column__items brz-css-1yrxam7 brz-css-hjgah9\">\n<div class=\"brz-row__container brz-css-fa4o0m\" data-brz-custom-id=\"awdlndrflgqfdoqhygpsupubyzehqttfaxpv\">\n<div class=\"brz-bg\"><\/div>\n<div class=\"brz-row brz-row--inner brz-css-haj65q brz-css-1dsplvw\">\n<div class=\"brz-columns brz-css-fdkx04 brz-css-tcuz4h\" data-brz-custom-id=\"fksvqtxyxkgrtcndhztylbmljpanwnrrkszy\">\n<div class=\"brz-bg\">\n<div class=\"brz-bg-image\"><\/div>\n<\/div>\n<div class=\"brz-column__items brz-css-1yrxam7 brz-css-16m7r8m\">\n<div id=\"\" class=\"brz-css-pjacui brz-css-16gy50q brz-wrapper\">\n<div class=\"brz-spacer brz-css-16v3l2t brz-css-5cz4d6\"><\/div>\n<\/div>\n<\/div>\n<\/div>\n<\/div>\n<\/div>\n<div id=\"\" class=\"brz-css-pjacui brz-css-16gy50q brz-wrapper\">\n<div class=\"brz-spacer brz-css-16v3l2t brz-css-zr21di\"><\/div>\n<\/div>\n<div id=\"\" class=\"brz-css-pjacui brz-css-ejog3s brz-wrapper\">\n<div class=\"brz-rich-text brz-rich-text__custom brz-css-n1vsc4\" data-brz-custom-id=\"uqomyuuhhutnycbynkkdbkbfnydtngdwoydp\">\n<div data-brz-translate-text=\"1\">\n<p class=\"brz-tp-lg-heading4 brz-text-lg-center brz-css-r0sgo\" data-generated-css=\"brz-css-rhpbo\" data-uniq-id=\"brdot\">SHAPING THE FUTURE OF HIGHER EDUCATION THROUGH INCLUSIVENESS<\/p>\n<\/div>\n<\/div>\n<\/div>\n<\/div>\n<p><a class=\"brz-a brz-container-link\" href=\"https:\/\/otbeurope.com\/?p=1898&amp;preview=true\" target=\"_blank\" rel=\"noopener\" data-brz-link-type=\"external\"><\/a><\/div>\n<div class=\"brz-columns brz-css-fdkx04 brz-css-bch7w\" data-brz-custom-id=\"kotibzjbfigepbwbsdhupccqcozxarlonexp\">\n<div class=\"brz-bg\"><\/div>\n<div class=\"brz-column__items brz-css-1yrxam7 brz-css-gs4qpa\">\n<div class=\"brz-row__container brz-css-fa4o0m\" data-brz-custom-id=\"ctrvsmjxzianprnxesxjmjrgwgvityjcpoaj\">\n<div class=\"brz-bg\"><\/div>\n<div class=\"brz-row brz-row--inner brz-css-haj65q brz-css-1dsplvw\">\n<div class=\"brz-columns brz-css-fdkx04 brz-css-nfpqke\" data-brz-custom-id=\"gpqbauionjrdrshhlzcjsfmcaaunkfcdgigu\">\n<div class=\"brz-bg\">\n<div class=\"brz-bg-image\"><\/div>\n<\/div>\n<div class=\"brz-column__items brz-css-1yrxam7 brz-css-9u2hbi\">\n<div id=\"\" class=\"brz-css-pjacui brz-css-16gy50q brz-wrapper\">\n<div class=\"brz-spacer brz-css-16v3l2t brz-css-bvua8d\"><\/div>\n<\/div>\n<\/div>\n<\/div>\n<\/div>\n<\/div>\n<div id=\"\" class=\"brz-css-pjacui brz-css-16gy50q brz-wrapper\">\n<div class=\"brz-spacer brz-css-16v3l2t brz-css-149znvr\"><\/div>\n<\/div>\n<div id=\"\" class=\"brz-css-pjacui brz-css-pq8hg9 brz-wrapper\">\n<div class=\"brz-rich-text brz-rich-text__custom brz-css-n1vsc4\" data-brz-custom-id=\"lxeljqchdudhlupzhyjwwgmkpzmzrvqlwheh\">\n<div data-brz-translate-text=\"1\">\n<p class=\"brz-text-lg-center brz-tp-lg-heading4 brz-css-aQgXl\" data-uniq-id=\"jpptq\" data-generated-css=\"brz-css-agpis\"><strong class=\"brz-capitalize-on\">\u201cDiffability&#8221; ba\u015fl\u0131kl\u0131 projemizin toplant\u0131s\u0131na Evsahipli\u011fi yapt\u0131k<\/strong><\/p>\n<\/div>\n<\/div>\n<\/div>\n<\/div>\n<p><a class=\"brz-a brz-container-link\" href=\"https:\/\/www.eged.org\/node\/1225\" target=\"_blank\" rel=\"noopener\" data-brz-link-type=\"external\"><\/a><\/div>\n<\/div>\n<\/div>\n<\/div>\n<\/div>\n<\/section>\n<section id=\"_nnfcvsgmxjjcoopcqgajjxtgonvjuxsudcsz\" class=\"brz-section brz-css-16nl78y\">\n<div class=\"brz-section__content brz-section--boxed brz-css-1yivvlx brz-css-q8dyoc\" data-brz-custom-id=\"cihxtqsppfbhrixivjtnhypqworpskqsbyaf\">\n<div class=\"brz-bg\">\n<div class=\"brz-bg-color\"><\/div>\n<\/div>\n<div class=\"brz-container brz-css-371at\">\n<div class=\"brz-row__container brz-css-fa4o0m brz-css-1jglo6u\" data-brz-custom-id=\"dkyksrldtzrfsvaijmtkhymuswgoffboytgq\">\n<div class=\"brz-bg\"><\/div>\n<div class=\"brz-row brz-css-haj65q brz-css-1dsplvw\">\n<div class=\"brz-columns brz-css-fdkx04 brz-css-6wt8mj\" data-brz-custom-id=\"hirizsctnjkjpqmdincrwcgqoffxrfbtsiau\">\n<div class=\"brz-bg\"><\/div>\n<div class=\"brz-column__items brz-css-1yrxam7 brz-css-1q0xqed\">\n<div id=\"\" class=\"brz-css-pjacui brz-css-1sfbq2x brz-wrapper\">\n<div class=\"brz-rich-text brz-rich-text__custom brz-css-n1vsc4\" data-brz-custom-id=\"gwrmdfekpppjizpnvdujoxyivczcqorostuz\">\n<div data-brz-translate-text=\"1\">\n<p class=\"brz-text-lg-left brz-tp-lg-heading2 brz-css-zVs2r\" data-uniq-id=\"psOXf\" data-generated-css=\"brz-css-gCJXs\"><strong class=\"brz-capitalize-on\">The Education Platform for Visually Impaired is 14 years old!<\/strong><\/p>\n<\/div>\n<\/div>\n<\/div>\n<div id=\"\" class=\"brz-css-pjacui brz-css-16gy50q brz-wrapper\">\n<div class=\"brz-spacer brz-css-16v3l2t brz-css-112sci1\"><\/div>\n<\/div>\n<div id=\"\" class=\"brz-css-pjacui brz-css-1nbpyy9 brz-wrapper\">\n<div class=\"brz-rich-text brz-rich-text__custom brz-css-n1vsc4\" data-brz-custom-id=\"cgqbvpmyvrzhxwuyozjvysszpsdlzaugxhap\">\n<div data-brz-translate-text=\"1\">\n<p class=\"brz-tp-lg-paragraph brz-css-sk1mS\" data-uniq-id=\"fAkfr\" data-generated-css=\"brz-css-lCLcd\"><span class=\"brz-cp-color7\">We founded GE\u00d6P (The Education Platform for Visually Impaired) in 2009 with only a few people. Years passed, we grew and got bigger. Each time, we came together with different voices on these common points: disability, accessibility, independence, rights and advocacy&#8230;<\/span><\/p>\n<\/div>\n<\/div>\n<\/div>\n<div id=\"\" class=\"brz-css-pjacui brz-css-16gy50q brz-wrapper\">\n<div class=\"brz-spacer brz-css-16v3l2t\"><\/div>\n<\/div>\n<div class=\"brz-wrapper-clone brz-css-8oph0b brz-css-ktqghl\">\n<div class=\"brz-d-xs-flex brz-flex-xs-wrap brz-css-1l41e1y brz-css-ifwnhg\" data-brz-custom-id=\"\">\n<div class=\"brz-wrapper-clone__item\" id=\"rbwjkzkndsbjzonziwopomnjhqvieiwrvkxb\"><a class=\"brz-a brz-btn brz-css-wtl4oa brz-css-4oilaq\" href=\"https:\/\/www.eged.org\/node\/1374\" target=\"_blank\" rel=\"noopener\" data-brz-link-type=\"external\" data-brz-custom-id=\"rbwjkzkndsbjzonziwopomnjhqvieiwrvkxb\"><span data-brz-translate-text=\"1\" class=\"brz-span brz-text__editor\">READ MORE<\/span><\/a><\/div>\n<\/div>\n<\/div>\n<div id=\"\" class=\"brz-css-pjacui brz-css-16gy50q brz-wrapper\">\n<div class=\"brz-spacer brz-css-16v3l2t brz-css-1es2ioh\"><\/div>\n<\/div>\n<\/div>\n<\/div>\n<div class=\"brz-columns brz-css-fdkx04 brz-css-k7yxmd\" data-brz-custom-id=\"apkdvjtnpxdrtekhxeixidilivmfsgabfjnl\">\n<div class=\"brz-bg\"><\/div>\n<div class=\"brz-column__items brz-css-1yrxam7 brz-css-96cq6q\">\n<div id=\"\" class=\"brz-css-pjacui brz-css-gm7osd brz-wrapper\">\n<div class=\"brz-image brz-css-haog7f brz-css-wyccpw\" data-brz-custom-id=\"tljmhscpdtmtcbyiaymeeqakthvajqmxzcmp\"><img decoding=\"async\" class=\"brz-img\" src=\"https:\/\/diffability.eu\/wp-content\/uploads\/brizy\/imgs\/teen-schoolgirl-using-laptop-computer-at-home-for-2022-12-16-08-31-30-utc-scaled-936x573x176x0x585x573x1687609864.jpg\" alt=\"\" loading=\"lazy\"><\/div>\n<\/div>\n<\/div>\n<\/div>\n<\/div>\n<\/div>\n<\/div>\n<\/div>\n<\/section>\n<section id=\"_svwdbxwyrvqsjipudwefgrwoeveqclncglvg\" class=\"brz-section brz-css-16nl78y\">\n<div class=\"brz-section__content brz-section--boxed brz-css-1yivvlx brz-css-vtkhoi\" data-brz-custom-id=\"lmmuxjnkitvpkzbywhqkrwztizgwyhiacqsc\">\n<div class=\"brz-bg\">\n<div class=\"brz-bg-color\"><\/div>\n<\/div>\n<div class=\"brz-container brz-css-371at\">\n<div class=\"brz-row__container brz-css-fa4o0m brz-css-axn1pz\" data-brz-custom-id=\"fwjqsxqiyuubcayimxjmqbbuylvesokohwpp\">\n<div class=\"brz-bg\"><\/div>\n<div class=\"brz-row brz-css-haj65q brz-css-1dsplvw\">\n<div class=\"brz-columns brz-css-fdkx04 brz-css-zfrg1a\" data-brz-custom-id=\"eocdhzxeyziqobnfxacsfihyjsneufgeyvpy\">\n<div class=\"brz-bg\"><\/div>\n<div class=\"brz-column__items brz-css-1yrxam7 brz-css-1pfpksg\">\n<div id=\"\" class=\"brz-css-pjacui brz-css-anceg1 brz-wrapper\">\n<div class=\"brz-image brz-css-1osxi2i brz-css-132zm4y\" data-brz-custom-id=\"oczcyyjxllnrzehwnuqnqxsbposulztmylsr\"><img decoding=\"async\" class=\"brz-img\" src=\"https:\/\/diffability.eu\/wp-content\/uploads\/brizy\/imgs\/calculus-on-blackboard-2022-03-07-23-55-13-utc-scaled-585x390x0x53x585x308x1694561075.jpg\" alt=\"\" loading=\"lazy\"><\/div>\n<\/div>\n<div id=\"\" class=\"brz-css-pjacui brz-css-16gy50q brz-wrapper\">\n<div class=\"brz-spacer brz-css-16v3l2t brz-css-11tspwl\"><\/div>\n<\/div>\n<div id=\"\" class=\"brz-css-pjacui brz-css-6sb9mj brz-wrapper\">\n<div class=\"brz-image brz-css-1a9uzv5 brz-css-192fz8e\" data-brz-custom-id=\"hzlztymznhdsiqvkjxkdltofcfrkmrpmosor\"><img decoding=\"async\" class=\"brz-img\" src=\"https:\/\/diffability.eu\/wp-content\/uploads\/2023\/06\/technical-laboratory-at-school-as-education-concep-2022-04-07-22-08-50-utc-scaled.jpg\" alt=\"\" loading=\"lazy\"><\/div>\n<\/div>\n<\/div>\n<\/div>\n<div class=\"brz-columns brz-css-fdkx04 brz-css-4y2sl6\" data-brz-custom-id=\"mtbfgfzketzpfpoozbxolrvfgnihombnxjqz\">\n<div class=\"brz-bg\"><\/div>\n<div class=\"brz-column__items brz-css-1yrxam7 brz-css-x0dl9c\">\n<div id=\"\" class=\"brz-css-pjacui brz-css-kuvhq4 brz-wrapper\">\n<div class=\"brz-rich-text brz-rich-text__custom brz-css-n1vsc4\" data-brz-custom-id=\"jlczjcdlaieekxgsgsxenskgjcsuhjiurdiv\">\n<div data-brz-translate-text=\"1\">\n<p class=\"brz-tp-lg-heading2 brz-css-z5Jks\" data-generated-css=\"brz-css-x5jWX\" data-uniq-id=\"eFKNv\"><strong class=\"brz-capitalize-on\">Training on digital material preparation for visually impaired individuals for mathematics teachers and students was held in Ankara<\/strong><\/p>\n<\/div>\n<\/div>\n<\/div>\n<div id=\"\" class=\"brz-css-pjacui brz-css-16gy50q brz-wrapper\">\n<div class=\"brz-spacer brz-css-16v3l2t brz-css-ktl3cs\"><\/div>\n<\/div>\n<div id=\"\" class=\"brz-css-pjacui brz-css-1yloqsh brz-wrapper\">\n<div class=\"brz-rich-text brz-rich-text__custom brz-css-n1vsc4\" data-brz-custom-id=\"lpozvnubrgoqqtxybxcrqowmpcreymmgxgvg\">\n<div data-brz-translate-text=\"1\">\n<p class=\"brz-tp-lg-paragraph brz-text-lg-left brz-css-hkmvj\" data-generated-css=\"brz-css-hbPie\" data-uniq-id=\"zREVW\"><span class=\"brz-cp-color7\">The Association of the Visually Impaired in Education (EGED) carries out the project called Accessible Digital Mathematics Library within the scope of the grant program offered by the Empower Foundation. Within the scope of the project, the Accessible Digital Mathematics Library, which serves the visually impaired and serves at <\/span><a class=\"brz-cp-color7 link--external\" href=\"https:\/\/www.dijitalmatematik.org\/\" data-brz-link-type=\"external\" target=\"_blank\">www.dijitalmatematik.org<\/a><span class=\"brz-cp-color7\"> was launched in 2022.<\/span><\/p>\n<\/div>\n<\/div>\n<\/div>\n<div id=\"\" class=\"brz-css-pjacui brz-css-16gy50q brz-wrapper\">\n<div class=\"brz-spacer brz-css-16v3l2t brz-css-vs784m\"><\/div>\n<\/div>\n<div class=\"brz-wrapper-clone brz-css-8oph0b brz-css-1pu0w0s\">\n<div class=\"brz-d-xs-flex brz-flex-xs-wrap brz-css-1l41e1y brz-css-ztiuei\" data-brz-custom-id=\"\">\n<div class=\"brz-wrapper-clone__item\" id=\"jmzywvtmpqzpkggcfbajktyejsmqnadkqjgi\"><a class=\"brz-a brz-btn brz-css-wtl4oa brz-css-1ugwc0k brz-css-4oilaq brz-css-1q1e6cy\" href=\"https:\/\/www.eged.org\/node\/1365\" target=\"_blank\" rel=\"noopener\" data-brz-link-type=\"external\" data-brz-custom-id=\"jmzywvtmpqzpkggcfbajktyejsmqnadkqjgi\"><span data-brz-translate-text=\"1\" class=\"brz-span brz-text__editor\">READ MORE<\/span><\/a><\/div>\n<\/div>\n<\/div>\n<\/div>\n<\/div>\n<\/div>\n<\/div>\n<\/div>\n<\/div>\n<\/section>\n<section id=\"_embrnssnjlmkgutfemxxkknkzytrvecxwptg\" class=\"brz-section brz-css-16nl78y\">\n<div class=\"brz-section__content brz-section--boxed brz-css-1yivvlx brz-css-57ftbb\" data-brz-custom-id=\"mobbdddofamteguvipheffvzimhlkibrebip\">\n<div class=\"brz-bg\">\n<div class=\"brz-bg-color\"><\/div>\n<\/div>\n<div class=\"brz-container brz-css-371at\">\n<div class=\"brz-row__container brz-css-fa4o0m brz-css-1lvo3j7\" data-brz-custom-id=\"itihhfboacfcqdeywaxweddmrdhysjwgzucz\">\n<div class=\"brz-bg\"><\/div>\n<div class=\"brz-row brz-css-haj65q brz-css-1dsplvw\">\n<div class=\"brz-columns brz-css-fdkx04 brz-css-14cy54e\" data-brz-custom-id=\"fupxhveepmxgfgayvhinxfrntzpflbxsbpqa\">\n<div class=\"brz-bg\"><\/div>\n<div class=\"brz-column__items brz-css-1yrxam7 brz-css-un3rcp\">\n<div id=\"\" class=\"brz-css-pjacui brz-css-1uubf4r brz-wrapper\">\n<div class=\"brz-rich-text brz-rich-text__custom brz-css-n1vsc4\" data-brz-custom-id=\"lfxrpxumgdlfzyuictllyvthftpytmgbjgse\">\n<div data-brz-translate-text=\"1\">\n<p class=\"brz-tp-lg-heading2 brz-css-rOkS6\" data-uniq-id=\"gfgxs\" data-generated-css=\"brz-css-vinij\"><span class=\"brz-capitalize-on\">University and disability<\/span><\/p>\n<\/div>\n<\/div>\n<\/div>\n<div id=\"\" class=\"brz-css-pjacui brz-css-16gy50q brz-wrapper\">\n<div class=\"brz-spacer brz-css-16v3l2t brz-css-1bkld7l\"><\/div>\n<\/div>\n<div id=\"\" class=\"brz-css-pjacui brz-css-oac6cr brz-wrapper\">\n<div class=\"brz-rich-text brz-rich-text__custom brz-css-n1vsc4\" data-brz-custom-id=\"wzyeizlumdbkpdwlzogwwuaufspdodcaqkyt\">\n<div data-brz-translate-text=\"1\">\n<p class=\"ql-align-justify brz-tp-lg-paragraph brz-text-lg-justify brz-css-yC4xl\" data-generated-css=\"brz-css-hilqj\" data-uniq-id=\"mmsdw\"><span class=\"brz-cp-color7\">Vytautas Magnus University fosters a culture of equality and non-discrimination and strives to reasonable accommodation of studies and work environment for all members of the community.<\/span><\/p>\n<p class=\"ql-align-justify brz-tp-lg-paragraph brz-text-lg-justify brz-css-jw1Td\" data-generated-css=\"brz-css-vqeew\" data-uniq-id=\"tyzbe\"><span class=\"brz-cp-color7\"> <\/span><\/p>\n<p class=\"ql-align-justify brz-tp-lg-paragraph brz-text-lg-justify brz-css-gKNVx\" data-generated-css=\"brz-css-ucfjf\" data-uniq-id=\"fffrl\"><span class=\"brz-cp-color7\">Today, VMU is know as a socially responsible university that follows a human rights-based model of disability and implements the \u201a\u2018\u2018University of Inclusive Opportunities\u2018\u2018 Disability Policy, which aims to ensure a culture of equality and non-discrimination at the university. <\/span><\/p>\n<\/div>\n<\/div>\n<\/div>\n<div id=\"\" class=\"brz-css-pjacui brz-css-16gy50q brz-wrapper\">\n<div class=\"brz-spacer brz-css-16v3l2t brz-css-j8jd35\"><\/div>\n<\/div>\n<div class=\"brz-wrapper-clone brz-css-8oph0b brz-css-1jk0pq6\">\n<div class=\"brz-d-xs-flex brz-flex-xs-wrap brz-css-1l41e1y brz-css-1q1swte\" data-brz-custom-id=\"\">\n<div class=\"brz-wrapper-clone__item\" id=\"wyqgixebcwoghehvacjgwdqmgsjshijiwnmr\"><a class=\"brz-a brz-btn brz-css-wtl4oa brz-css-pr24b6 brz-css-4oilaq brz-css-1dixrd9\" href=\"https:\/\/www.vdu.lt\/en\/university-of-inclusive-opportunities\/\" target=\"_blank\" rel=\"noopener\" data-brz-link-type=\"external\" data-brz-custom-id=\"wyqgixebcwoghehvacjgwdqmgsjshijiwnmr\"><span data-brz-translate-text=\"1\" class=\"brz-span brz-text__editor\">READ MORE<\/span><\/a><\/div>\n<\/div>\n<\/div>\n<\/div>\n<\/div>\n<div class=\"brz-columns brz-css-fdkx04 brz-css-1y94kw2\" data-brz-custom-id=\"wiuqqhdlqzijgsomsuvioxoobuozscdkvbpb\">\n<div class=\"brz-bg\"><\/div>\n<div class=\"brz-column__items brz-css-1yrxam7 brz-css-jql8x4\">\n<div id=\"\" class=\"brz-css-pjacui brz-css-6s6dq9 brz-wrapper\">\n<div class=\"brz-image brz-css-10jqkvj brz-css-1um5nab\" data-brz-custom-id=\"xjahxmtplcseeoimpfjvyrxgpxwtdorclout\"><img decoding=\"async\" class=\"brz-img\" src=\"https:\/\/diffability.eu\/wp-content\/uploads\/brizy\/imgs\/group-study-in-college-2022-06-29-19-17-28-utc-scaled-595x392x0x22x551x363x1694561208.jpg\" alt=\"\" loading=\"lazy\"><\/div>\n<\/div>\n<div id=\"\" class=\"brz-css-pjacui brz-css-16gy50q brz-wrapper\">\n<div class=\"brz-spacer brz-css-16v3l2t brz-css-k2x9vw\"><\/div>\n<\/div>\n<\/div>\n<\/div>\n<\/div>\n<\/div>\n<\/div>\n<\/div>\n<\/section>\n<section id=\"_ybiuvniqtreipdkrtucgxhrcnqwlwmeyvrqq\" class=\"brz-section brz-css-16nl78y\">\n<div class=\"brz-section__content brz-section--boxed brz-css-1yivvlx brz-css-ld358j\" data-brz-custom-id=\"khiuuvhteyscqlxuzigwubwgymfsxhbkbwxg\">\n<div class=\"brz-bg\">\n<div class=\"brz-bg-image brz-bg-image-parallax\"><\/div>\n<div class=\"brz-bg-color\"><\/div>\n<\/div>\n<div class=\"brz-container brz-css-371at brz-css-fbvj7u\">\n<div id=\"\" class=\"brz-css-pjacui brz-css-16gy50q brz-wrapper\">\n<div class=\"brz-spacer brz-css-16v3l2t brz-css-17cg7ds\"><\/div>\n<\/div>\n<\/div>\n<\/div>\n<\/section>\n<\/div>\n<p>    <!-- version:1737070969 --><\/p>\n","protected":false},"excerpt":{"rendered":"<p>News INTRODUCING THE DIFFABILITY PROJECT SHAPING THE FUTURE OF HIGHER EDUCATION THROUGH INCLUSIVENESS \u201cDiffability&#8221; ba\u015fl\u0131kl\u0131 projemizin toplant\u0131s\u0131na Evsahipli\u011fi yapt\u0131k The Education Platform for Visually Impaired is 14 years old! We founded GE\u00d6P (The Education Platform for Visually Impaired) in 2009 with only a few people. Years passed, we grew and got bigger. Each time, we [&hellip;]<\/p>\n","protected":false},"author":1,"featured_media":0,"parent":0,"menu_order":0,"comment_status":"closed","ping_status":"closed","template":"brizy-blank-template.php","meta":{"footnotes":""},"class_list":["post-56","page","type-page","status-publish","hentry"],"brizy_media":[{"id":566,"url":"https:\/\/diffability.eu\/wp-content\/uploads\/2023\/06\/newspaper-and-a-magnifying-glass-2022-12-16-12-34-40-utc-scaled.jpg","name":"newspaper-and-a-magnifying-glass-2022-12-16-12-34-40-utc.jpg","meta":{"brizy_attachment_uid":"wp-8ff123dc85534227effe74728b0e7803.jpg","brizy_post_uid":["c68111b79089a4fa21b173e63c815501"]}},{"id":573,"url":"https:\/\/diffability.eu\/wp-content\/uploads\/2023\/06\/portrait-asian-young-woman-looking-at-laptop-scree-2023-06-22-02-02-32-utc-scaled.jpg","name":"portrait-asian-young-woman-looking-at-laptop-scree-2023-06-22-02-02-32-utc.jpg","meta":{"brizy_attachment_uid":"wp-cbd3c4319659b0e10cba0e52294538fb.jpg","brizy_post_uid":["c68111b79089a4fa21b173e63c815501"]}},{"id":579,"url":"https:\/\/diffability.eu\/wp-content\/uploads\/2023\/06\/schoolboy-using-lab-equipment-laboratory-educatio-2022-03-30-20-23-43-utc-scaled.jpg","name":"schoolboy-using-lab-equipment-laboratory-educatio-2022-03-30-20-23-43-utc.jpg","meta":{"brizy_attachment_uid":"wp-9e57fe6a555d3671462fbc053f3db566.jpg","brizy_post_uid":["c68111b79089a4fa21b173e63c815501"]}},{"id":580,"url":"https:\/\/diffability.eu\/wp-content\/uploads\/2023\/06\/education-2022-10-08-21-30-57-utc.jpeg","name":"education-2022-10-08-21-30-57-utc.jpeg","meta":{"brizy_attachment_uid":"wp-0770c78d8625b4e1081719c7aaff3a8f.jpeg","brizy_post_uid":["c68111b79089a4fa21b173e63c815501"]}},{"id":587,"url":"https:\/\/diffability.eu\/wp-content\/uploads\/2023\/06\/teen-schoolgirl-using-laptop-computer-at-home-for-2022-12-16-08-31-30-utc-scaled.jpg","name":"teen-schoolgirl-using-laptop-computer-at-home-for-2022-12-16-08-31-30-utc.jpg","meta":{"brizy_attachment_uid":"wp-55807f4740995dc33fb3fe7dd8c95d64.jpg","brizy_post_uid":["c68111b79089a4fa21b173e63c815501"]}},{"id":588,"url":"https:\/\/diffability.eu\/wp-content\/uploads\/2023\/06\/relax-diversity-or-students-on-steps-at-break-tal-2023-01-21-02-00-04-utc-scaled.jpg","name":"relax-diversity-or-students-on-steps-at-break-tal-2023-01-21-02-00-04-utc.jpg","meta":{"brizy_attachment_uid":"wp-d9785dd8cc13fb63d7040035aabc5759.jpg","brizy_post_uid":["c68111b79089a4fa21b173e63c815501"]}},{"id":589,"url":"https:\/\/diffability.eu\/wp-content\/uploads\/2023\/06\/college-mechanic-student-selecting-wrench-from-rep-2022-03-07-23-56-39-utc-scaled.jpg","name":"college-mechanic-student-selecting-wrench-from-rep-2022-03-07-23-56-39-utc.jpg","meta":{"brizy_attachment_uid":"wp-25b60c0b52b0f140a1a09cc6f5532c82.jpg","brizy_post_uid":["c68111b79089a4fa21b173e63c815501"]}},{"id":590,"url":"https:\/\/diffability.eu\/wp-content\/uploads\/2023\/06\/technical-laboratory-at-school-as-education-concep-2022-04-07-22-08-50-utc-scaled.jpg","name":"technical-laboratory-at-school-as-education-concep-2022-04-07-22-08-50-utc.jpg","meta":{"brizy_attachment_uid":"wp-e409168fdc4f2c20b2be2e27941bcb57.jpg","brizy_post_uid":["c68111b79089a4fa21b173e63c815501"]}},{"id":603,"url":"https:\/\/diffability.eu\/wp-content\/uploads\/2023\/06\/female-student-at-library-bookshelf-reading-book-2022-02-02-05-07-31-utc-scaled.jpg","name":"female-student-at-library-bookshelf-reading-book-2022-02-02-05-07-31-utc.jpg","meta":{"brizy_attachment_uid":"wp-e78a71e3de988d1c53071e2904300575.jpg","brizy_post_uid":["c68111b79089a4fa21b173e63c815501"]}},{"id":803,"url":"https:\/\/diffability.eu\/wp-content\/uploads\/2023\/06\/OTB-EUROPE.png","name":"OTB-EUROPE.png","meta":{"brizy_attachment_uid":"wp-1cd4996fcc7e34430a6952daf7f3e4b8.png","brizy_post_uid":["3a23749a246400112a53710924f9d5c4","583cb4493df6bb967897d03e3807933c","c68111b79089a4fa21b173e63c815501"]}},{"id":1220,"url":"https:\/\/diffability.eu\/wp-content\/uploads\/2023\/09\/down-syndrome-man-with-laptop-attending-education-2022-01-19-00-02-16-utc-scaled.jpg","name":"down-syndrome-man-with-laptop-attending-education-2022-01-19-00-02-16-utc.jpg","meta":{"brizy_attachment_uid":"wp-0a3ca94b5371988978178d884489c75a.jpg","brizy_post_uid":["c68111b79089a4fa21b173e63c815501","769e01cb16c32325c91ff3f8951ff230"]}},{"id":1221,"url":"https:\/\/diffability.eu\/wp-content\/uploads\/2023\/09\/diversity-at-business-meeting-2022-01-27-21-11-16-utc-scaled.jpg","name":"diversity-at-business-meeting-2022-01-27-21-11-16-utc.jpg","meta":{"brizy_attachment_uid":"wp-55deb0295861fc0570013c6883982472.jpg","brizy_post_uid":["c68111b79089a4fa21b173e63c815501"]}},{"id":1222,"url":"https:\/\/diffability.eu\/wp-content\/uploads\/2023\/09\/calculus-on-blackboard-2022-03-07-23-55-13-utc-scaled.jpg","name":"calculus-on-blackboard-2022-03-07-23-55-13-utc.jpg","meta":{"brizy_attachment_uid":"wp-4631e5073200dc536494fa83278335f6.jpg","brizy_post_uid":["c68111b79089a4fa21b173e63c815501"]}},{"id":1230,"url":"https:\/\/diffability.eu\/wp-content\/uploads\/2023\/09\/group-study-in-college-2022-06-29-19-17-28-utc-scaled.jpg","name":"group-study-in-college-2022-06-29-19-17-28-utc.jpg","meta":{"brizy_attachment_uid":"wp-1bb3823f1ad0d8c3e9eda28b94069a39.jpg","brizy_post_uid":["c68111b79089a4fa21b173e63c815501"]}}],"_links":{"self":[{"href":"https:\/\/diffability.eu\/index.php?rest_route=\/wp\/v2\/pages\/56","targetHints":{"allow":["GET"]}}],"collection":[{"href":"https:\/\/diffability.eu\/index.php?rest_route=\/wp\/v2\/pages"}],"about":[{"href":"https:\/\/diffability.eu\/index.php?rest_route=\/wp\/v2\/types\/page"}],"author":[{"embeddable":true,"href":"https:\/\/diffability.eu\/index.php?rest_route=\/wp\/v2\/users\/1"}],"replies":[{"embeddable":true,"href":"https:\/\/diffability.eu\/index.php?rest_route=%2Fwp%2Fv2%2Fcomments&post=56"}],"version-history":[{"count":30,"href":"https:\/\/diffability.eu\/index.php?rest_route=\/wp\/v2\/pages\/56\/revisions"}],"predecessor-version":[{"id":1796,"href":"https:\/\/diffability.eu\/index.php?rest_route=\/wp\/v2\/pages\/56\/revisions\/1796"}],"wp:attachment":[{"href":"https:\/\/diffability.eu\/index.php?rest_route=%2Fwp%2Fv2%2Fmedia&parent=56"}],"curies":[{"name":"wp","href":"https:\/\/api.w.org\/{rel}","templated":true}]}}